{"id":876,"date":"2025-02-05T14:59:35","date_gmt":"2025-02-05T14:59:35","guid":{"rendered":"https:\/\/creatus.wunu.dev\/features\/"},"modified":"2025-03-06T20:43:24","modified_gmt":"2025-03-06T20:43:24","slug":"features","status":"publish","type":"page","link":"https:\/\/creatus.wunu.dev\/it\/features\/","title":{"rendered":"Funzionalit\u00e0"},"content":{"rendered":"","protected":false},"excerpt":{"rendered":"","protected":false},"author":3,"featured_media":0,"parent":0,"menu_order":0,"comment_status":"closed","ping_status":"closed","template":"","meta":{"_acf_changed":false,"inline_featured_image":false,"footnotes":""},"class_list":["post-876","page","type-page","status-publish","hentry"],"acf":{"flexible_inhalte":[{"acf_fc_layout":"cards","Cards":{"settings":{"farben":"normal","paddings":{"padding_oben":"mediumTop","padding_unten":"mediumBottom"},"effekte":false},"cards_ohne_bild":false,"ausrichtungen":{"desktop":{"text":"links"}},"uberschrift":"Questo \u00e8 ci\u00f2 che pu\u00f2 aspettarsi da noi:","unteruberschrift":"","spalten":"col-xl-4","ausrichtungen_card":{"desktop":{"text":"links"},"mobil":{"uberschrift":"links"}},"kachel":[{"bild":381,"uberschrift":"App di connettivit\u00e0                                                ","link":null,"text":"La piattaforma facilita la comunicazione fluida e lo scambio di dati tra diversi dispositivi e sistemi di cucina, migliorando la gestione operativa."},{"bild":383,"uberschrift":"Supporto per programmi di diversi produttori","link":null,"text":"CREATUS CLOUD \u00e8 compatibile con applicazioni software di diversi marchi, offrendo flessibilit\u00e0 e permettendo di scegliere il software pi\u00f9 adatto alle esigenze specifiche."},{"bild":181,"uberschrift":"Ottimizzazione energetica                                    ","link":null,"text":"Il sistema gestisce e regola il consumo di energia elettrica entro limiti definiti, rispettando gli standard DIN 18875:2015-05. Consente il monitoraggio in tempo reale di potenza, tensione, corrente e frequenza."},{"bild":385,"uberschrift":"Registrazione della temperatura HACCP                ","link":null,"text":"Monitoraggio continuo e documentazione delle temperature in tutte le fasi della lavorazione alimentare, garantendo la conformit\u00e0 alle normative HACCP e la sicurezza alimentare."},{"bild":187,"uberschrift":"Segnalazioni di errore                                         ","link":null,"text":"Il sistema invia notifiche per segnalare problemi imprevisti, consentendo una rapida identificazione e risoluzione degli errori."},{"bild":387,"uberschrift":"Raccolta e archiviazione dei dati                          ","link":null,"text":"In vista dell'attuazione del regolamento europeo sulla tassonomia, la raccolta continua di dati fornisce una banca dati affidabile per dimostrare la conformit\u00e0 ai parametri di sostenibilit\u00e0."},{"bild":389,"uberschrift":"Accesso remoto                                                   ","link":null,"text":"Utenti e tecnici possono monitorare e controllare i dispositivi di cucina da remoto, consentendo regolazioni in tempo reale, risoluzione dei problemi e manutenzione."},{"bild":391,"uberschrift":"Integrazione con Industria 5.0                               ","link":null,"text":"Attraverso l'implementazione di IoT, analisi dei dati e automazione nei processi gastronomici, CREATUS CLOUD ottimizza le operazioni, riduce gli sprechi e migliora la sicurezza alimentare."},{"bild":393,"uberschrift":"CREATUS CLOUD                                                 ","link":null,"text":"Conforme agli standard DIN 18875:2015-05 e DIN SPEC 18898, garantendo la massima qualit\u00e0, sicurezza e compatibilit\u00e0 per le grandi cucine professionali."}]}},{"acf_fc_layout":"trenner","trenner":{"bild_desktop":226,"bild_mobil":228,"effekte":false}},{"acf_fc_layout":"content_zentriert","content_zentriert":{"settings":{"farben":"normal","paddings":{"padding_oben":"mediumTop","padding_unten":"mediumBottom"},"effekte":false},"uberschrift":"Caratteristiche principali di OPC\/UA","unteruberschrift":"","text":"","button":null}},{"acf_fc_layout":"content_vierspaltig","content_vierspaltig":{"settings":{"farben":"normal","paddings":{"padding_oben":"mediumTop","padding_unten":"mediumBottom"},"effekte":false},"ausrichtungen":{"desktop":{"text":"zentriert","spalteninhalt":"zentriert"},"mobil":{"spalteninhalt":"zentriert"}},"bild_icon":"icon","spalte":[{"bild":null,"titel":"Standard universale","text":"OPC\/UA consente la comunicazione tra dispositivi e software di diversi produttori, favorendo sistemi flessibili e integrati.","icon":207,"link":null},{"bild":null,"titel":"Indipendenza dalla piattaforma","text":"L'interfaccia funziona su diversi sistemi operativi (es. Windows, Linux) e tipi di hardware, garantendo grande versatilit\u00e0.","icon":265,"link":null},{"bild":null,"titel":"Trasmissione sicura dei dati","text":"OPC\/UA include protocolli di sicurezza integrati come crittografia, autenticazione e controlli di accesso per proteggere i dati durante la trasmissione.","icon":267,"link":null},{"bild":null,"titel":"Comunicazione in tempo reale","text":"Ideale per il monitoraggio continuo e il controllo dei processi industriali, raccogliendo e analizzando i dati in tempo reale.","icon":270,"link":null},{"bild":null,"titel":"Modello orientato agli oggetti","text":"OPC\/UA organizza i dati in modo strutturato, includendo valori, descrizioni, contesti e relazioni tra gli elementi.","icon":272,"link":null},{"bild":null,"titel":"Interoperabilit\u00e0","text":"Facilita la comunicazione tra sistemi di automazione di produttori diversi senza bisogno di traduttori o adattatori specifici.","icon":274,"link":null}]}},{"acf_fc_layout":"trenner","trenner":{"bild_desktop":408,"bild_mobil":408,"effekte":false}},{"acf_fc_layout":"content_einspaltig","content_einspaltig":{"settings":{"farben":"normal","paddings":{"padding_oben":"mediumTop","padding_unten":"mediumBottom"},"effekte":false},"ausrichtungen":{"desktop":{"text":"links"},"mobil":{"text":"links"}},"settings_einspaltig":"halbe","uberschrift":"Internet of Things","unteruberschrift":"","text":"<strong>Rilevamento degli errori dell\u2019utente:<\/strong>\r\n\r\nIdentificazione e documentazione di errori dell\u2019utente, come ad es. stiratura con parametri errati, impostazioni di temperatura errate per gli apparecchi di refrigerazione e di cottura e selezioni errate del programma.\r\n\r\n&nbsp;\r\n\r\n<strong>CONTROLLO E GESTIONE SPRECHI DI ENERGIA:<\/strong>\r\n\r\nImplementare misure di risparmio energetico per ridurre al minimo lo spreco di energia, tra cui la riduzione di cicli di lavaggio eccessivi in relazione alla quantit\u00e0 di stoviglie o biancheria e l\u2019ottimizzazione dell\u2019uso di attrezzature da cucina le quali non vengono mantenute ad alte temperature durante i periodi di non utilizzo.\r\n\r\n&nbsp;\r\n\r\n<strong>Analisi comparativa:<\/strong>\r\n\r\nEffettuare confronti completi, compresa l\u2019identificazione di macchine con errori superiori alla media, confronti dei consumi con giorni\/settimane medi e valutazioni dei consumi rispetto ad apparecchiature comparabili.\r\n\r\n&nbsp;\r\n\r\n<strong>Controllo dei costi:<\/strong>\r\n\r\nMigliora il controllo dei costi informandoti quotidianamente sui consumi e sui relativi costi per garantire una gestione proattiva delle risorse e delle spese.","button":null}}]},"_links":{"self":[{"href":"https:\/\/creatus.wunu.dev\/it\/wp-json\/wp\/v2\/pages\/876","targetHints":{"allow":["GET"]}}],"collection":[{"href":"https:\/\/creatus.wunu.dev\/it\/wp-json\/wp\/v2\/pages"}],"about":[{"href":"https:\/\/creatus.wunu.dev\/it\/wp-json\/wp\/v2\/types\/page"}],"author":[{"embeddable":true,"href":"https:\/\/creatus.wunu.dev\/it\/wp-json\/wp\/v2\/users\/3"}],"replies":[{"embeddable":true,"href":"https:\/\/creatus.wunu.dev\/it\/wp-json\/wp\/v2\/comments?post=876"}],"version-history":[{"count":6,"href":"https:\/\/creatus.wunu.dev\/it\/wp-json\/wp\/v2\/pages\/876\/revisions"}],"predecessor-version":[{"id":1313,"href":"https:\/\/creatus.wunu.dev\/it\/wp-json\/wp\/v2\/pages\/876\/revisions\/1313"}],"wp:attachment":[{"href":"https:\/\/creatus.wunu.dev\/it\/wp-json\/wp\/v2\/media?parent=876"}],"curies":[{"name":"wp","href":"https:\/\/api.w.org\/{rel}","templated":true}]}}